{"id":529,"date":"2024-02-28T21:52:16","date_gmt":"2024-02-28T20:52:16","guid":{"rendered":"http:\/\/oizpp.pl\/?page_id=529"},"modified":"2024-03-02T16:07:02","modified_gmt":"2024-03-02T15:07:02","slug":"nowa-wersja-pielegniarek-opiekunowie-medyczni","status":"publish","type":"page","link":"http:\/\/oizpp.pl\/?page_id=529","title":{"rendered":"Nowa wersja piel\u0119gniarek &#8211; opiekunowie medyczni"},"content":{"rendered":"\n<figure class=\"wp-block-image aligncenter size-large is-resized\"><img loading=\"lazy\" decoding=\"async\" width=\"1024\" height=\"333\" src=\"http:\/\/oizpp.pl\/wp-content\/uploads\/2024\/03\/OIZPP_8_2024-1024x333.png\" alt=\"\" class=\"wp-image-578\" style=\"width:778px;height:auto\" srcset=\"http:\/\/oizpp.pl\/wp-content\/uploads\/2024\/03\/OIZPP_8_2024-1024x333.png 1024w, http:\/\/oizpp.pl\/wp-content\/uploads\/2024\/03\/OIZPP_8_2024-300x98.png 300w, http:\/\/oizpp.pl\/wp-content\/uploads\/2024\/03\/OIZPP_8_2024-768x250.png 768w, http:\/\/oizpp.pl\/wp-content\/uploads\/2024\/03\/OIZPP_8_2024.png 1399w\" sizes=\"auto, (max-width: 1024px) 100vw, 1024px\" \/><\/figure>\n\n\n\n<p class=\"has-background\" style=\"background:linear-gradient(135deg,rgb(202,248,128) 0%,rgb(195,228,240) 44%,rgb(113,206,126) 100%)\"><strong>Zamiast opracowa\u0107 i wdro\u017cy\u0107 nowe uprawnienia i kompetencje Zaawansowanej Praktyki Piel\u0119gniarskiej<\/strong> <strong>rz\u0105d rozwi\u0105za\u0142 deficyt piel\u0119gniarek rozszerzaj\u0105c ich uprawnienia na opiekun\u00f3w. <\/strong><\/p>\n\n\n\n<p class=\"has-white-color has-text-color has-background has-link-color wp-elements-c0b67e4f00a7f0be45c913317c83cd8b\" style=\"background:linear-gradient(107deg,rgb(74,234,220) 0%,rgb(151,120,209) 20%,rgb(207,42,186) 40%,rgb(238,44,130) 60%,rgb(251,105,98) 80%,rgb(254,248,76) 100%)\"><strong>Ministerstwo Zdrowia przedstawi\u0142o nowy wykaz czynno\u015bci zawodowych opiekuna medycznego, wynikaj\u0105cy z przyj\u0119tej w ubieg\u0142ym roku ustawy o niekt\u00f3rych zawodach medycznych. Zmiany maj\u0105 zacz\u0105\u0107 obowi\u0105zywa\u0107 od 26 marca.<\/strong><\/p>\n\n\n\n<p class=\"has-white-color has-midnight-gradient-background has-text-color has-background has-link-color wp-elements-394acac4c44a3fa4b2381d86d8344978\"><strong>Wykaz czynno\u015bci zawodowych opiekuna medycznego:<\/strong><\/p>\n\n\n\n<p class=\"has-section-bg-background-color has-background\"><strong>Cz\u0119\u015b\u0107 A.<\/strong> Szczeg\u00f3\u0142owy wykaz czynno\u015bci zawodowych opiekuna medycznego posiadaj\u0105cego kwalifikacje, o kt\u00f3rych mowa w pkt 6 ppkt 2\u20135 za\u0142\u0105cznika do ustawy z dnia 17 sierpnia 2023 r. o niekt\u00f3rych zawodach medycznych.&nbsp;<\/p>\n\n\n\n<ol class=\"wp-block-list\">\n<li>Rozpoznawanie problem\u00f3w funkcjonalnych oraz potrzeb biologicznych i psychospo\u0142ecznych pacjenta w r\u00f3\u017cnym stopniu zaawansowania choroby i w r\u00f3\u017cnym wieku. <\/li>\n<\/ol>\n\n\n\n<p>&#8211; 1.1.&nbsp; Organizowanie stanowiska pracy.<\/p>\n\n\n\n<p>&#8211; 1.2. Wykorzystywanie wynik\u00f3w bada\u0144 i pomiar\u00f3w do ustalania problem\u00f3w funkcjonalnych oraz potrzeb biologicznych i psychospo\u0142ecznych pacjenta w r\u00f3\u017cnym stopniu zaawansowania choroby i w r\u00f3\u017cnym wieku.<\/p>\n\n\n\n<p>&#8211; 1.3. Nawi\u0105zywanie wsp\u00f3\u0142pracy ze wsp\u00f3\u0142pracownikami podczas rozpoznawania problem\u00f3w funkcjonalnych oraz biologicznych i psychospo\u0142ecznych potrzeb pacjenta.<\/p>\n\n\n\n<p>&#8211; 1.4. Nawi\u0105zywanie wsp\u00f3\u0142pracy z rodzin\u0105 podczas rozpoznawania problem\u00f3w funkcjonalnych oraz potrzeb biologicznych i psychospo\u0142ecznych pacjenta.<\/p>\n\n\n\n<p>&#8211; 1.5. Wykonywanie pomiar\u00f3w antropometrycznych, pomiar\u00f3w t\u0119tna, ci\u015bnienia t\u0119tniczego krwi, oddechu, saturacji krwi, temperatury cia\u0142a za pomoc\u0105 aparatury i sprz\u0119tu medycznego i obliczanie wska\u017anika Masy Cia\u0142a \u2013 Body Mass Index (BMI).<\/p>\n\n\n\n<p>2. \u015awiadczenie us\u0142ug piel\u0119gnacyjnych i opieku\u0144czych pacjentowi w r\u00f3\u017cnym stopniu zaawansowania choroby i w r\u00f3\u017cnym wieku<\/p>\n\n\n\n<p>&#8211; 2.1. Zach\u0119canie pacjenta do samoopieki, wskazuj\u0105c na jego zasoby biologiczne i psychiczne oraz znaczenie ka\u017cdej aktywno\u015bci w terapii i profilaktyce.<\/p>\n\n\n\n<p>&#8211; 2.2. Prowadzenie rozm\u00f3w z pacjentem.<\/p>\n\n\n\n<p>&#8211; 2.3. Przeprowadzanie wywiadu z rodzin\u0105 pacjenta.<\/p>\n\n\n\n<p>&#8211; 2.4. Planowanie czynno\u015bci higienicznych i piel\u0119gnacyjnych adekwatnie do rozpoznanych problem\u00f3w funkcjonalnych oraz potrzeb biologicznych i psychospo\u0142ecznych pacjenta.<\/p>\n\n\n\n<p>&#8211; 2.5. Modyfikowanie dzia\u0142a\u0144 w zale\u017cno\u015bci od zmieniaj\u0105cych si\u0119 problem\u00f3w funkcjonalnych oraz potrzeb biologicznych i spo\u0142ecznym pacjenta.<\/p>\n\n\n\n<p>&#8211; 2.6. Dobieranie sprz\u0119tu wspomagaj\u0105cego funkcjonowanie pacjenta i uzgadnianie zmian post\u0119powania z pacjentem.<\/p>\n\n\n\n<p>&#8211; 2.7. Organizowanie i wykonywanie czynno\u015bci higienicznych oraz wybranych czynno\u015bci opieki piel\u0119gnacyjnej.<\/p>\n\n\n\n<p>&#8211; 2.7.1. Dobieranie wyrob\u00f3w medycznych do wykonywania czynno\u015bci higienicznych i piel\u0119gnacyjnych odpowiednich do stanu zdrowia i sprawno\u015bci pacjenta.<\/p>\n\n\n\n<p>&#8211; 2.7.2. Wykonywanie czynno\u015bci higienicznych i piel\u0119gnacyjnych pacjentowi.<\/p>\n\n\n\n<p>&#8211; 2.7.3. Stosowanie profilaktyki przeciwodle\u017cynowej.<\/p>\n\n\n\n<p>&#8211; 2.7.4. Opracowywanie planu edukacji pacjenta lub jego rodziny w zakresie wykonywania czynno\u015bci higienicznych i piel\u0119gnacyjnych.<\/p>\n\n\n\n<p>&#8211; 2.7.5. Przeprowadzanie edukacji i wsp\u00f3\u0142dzia\u0142anie z pacjentem lub jego rodzin\u0105 w zakresie wykonywania czynno\u015bci higienicznych i piel\u0119gnacyjnych, prowadzenia zdrowego stylu \u017cycia i profilaktyki skutk\u00f3w zaniedba\u0144 piel\u0119gnacyjnych.<\/p>\n\n\n\n<p>&#8211; 2.8. Identyfikowanie zaburzenia po\u0142ykania u pacjenta.<\/p>\n\n\n\n<p>&#8211; 2.9. Obserwowanie i rejestrowanie rodzaju i obj\u0119to\u015bci przyjmowanych posi\u0142k\u00f3w oraz p\u0142yn\u00f3w u os\u00f3b ze stwierdzonymi zaburzeniami od\u017cywiania.<\/p>\n\n\n\n<p>&#8211; 2.10. Utrzymywanie higieny i piel\u0119gnowanie sk\u00f3ry wok\u00f3\u0142 niepowik\u0142anej tracheostomii, gastrostomii, ileostomii, kolostomii.<\/p>\n\n\n\n<p>&#8211; 2.11. Dobieranie, zak\u0142adanie i wymienianie produkt\u00f3w ch\u0142onnych.<\/p>\n\n\n\n<p>&#8211; 2.12. Pomaganie pacjentowi w przyjmowaniu produkt\u00f3w leczniczych zleconych przez lekarza lub piel\u0119gniark\u0119 r\u00f3\u017cnymi drogami (doustnie, przez sk\u00f3r\u0119 i na b\u0142ony \u015bluzowe), a w przypadku os\u00f3b, kt\u00f3re nie s\u0105 w stanie samodzielnie przyj\u0105\u0107 produktu leczniczego, r\u00f3wnie\u017c podawanie go bezpo\u015brednio do ust lub na sk\u00f3r\u0119, bez naruszania pow\u0142ok sk\u00f3rnych.<\/p>\n\n\n\n<p>&#8211; 2.13. Planowanie i wykonywanie czynno\u015bci opieku\u0144czych z uwzgl\u0119dnieniem oceny stanu pacjenta.<\/p>\n\n\n\n<p>&#8211; 2.14. Aktywizowanie i pomaganie pacjentowi w wykonywaniu czynno\u015bci \u017cycia codziennego i utrzymaniu aktywno\u015bci fizycznej.<\/p>\n\n\n\n<p>&#8211; 2.15. Pomaganie pacjentowi w u\u017cytkowaniu zaleconego wyrobu medycznego.<\/p>\n\n\n\n<p>&#8211; 2.16. Pomaganie pacjentowi w adaptacji do zmian zwi\u0105zanych z przewlek\u0142\u0105 chorob\u0105 lub staro\u015bci\u0105 oraz do pobytu w podmiotach leczniczych lub jednostkach organizacyjnych pomocy spo\u0142ecznej.<\/p>\n\n\n\n<p>&#8211; 2.17. Udzielanie wsparcia emocjonalnego i informacyjnego pacjentowi w sytuacjach trudnych.<\/p>\n\n\n\n<p>3. Wsp\u00f3\u0142praca z piel\u0119gniarkami i lekarzami oraz innym personelem zatrudnionym w podmiotach leczniczych lub jednostkach organizacyjnych pomocy spo\u0142ecznej.<\/p>\n\n\n\n<p>&#8211; 3.1. Karmienie pacjenta drog\u0105 doustn\u0105 oraz dojelitow\u0105 &#8211; przez zg\u0142\u0119bnik lub gastrostomi\u0119, w tym PEG (Percutaneous Endoscopic Gastrostomy) (metod\u0105 porcji), lub pomaganie podczas karmienia.<\/p>\n\n\n\n<p>&#8211; 3.2. Wymienianie cewnika zewn\u0119trznego, worka stomijnego i worka na mocz.<\/p>\n\n\n\n<p>&#8211; 3.3. Prowadzenie dobowej zbi\u00f3rki moczu i bilansu p\u0142yn\u00f3w.<\/p>\n\n\n\n<p>&#8211; 3.4. Prowadzenie trzydniowego dzienniczka mikcji oraz ustalanie schematu wydalania i kontrolowanie mikcji i defekacji.<\/p>\n\n\n\n<p>&#8211; 3.5. Wykonywanie i dokumentowanie badania glukometrem w celu oznaczenia st\u0119\u017cenia glukozy we krwi osoby chorej i niesamodzielnej i przekazywanie informacji o wynikach pomiaru lekarzowi lub piel\u0119gniarce.<\/p>\n\n\n\n<p>4. Udzielanie pierwszej pomocy w stanach nag\u0142ego zagro\u017cenia zdrowotnego.<\/p>\n\n\n\n<p>5. Prowadzenie i archiwizowanie dokumentacji zwi\u0105zanej z wykonywanymi czynno\u015bciami zawodowymi opiekuna medycznego.<\/p>\n\n\n\n<p class=\"has-very-light-gray-to-cyan-bluish-gray-gradient-background has-background\"><strong>Cz\u0119\u015b\u0107 B.<\/strong> Szczeg\u00f3\u0142owy wykaz czynno\u015bci zawodowych opiekuna medycznego posiadaj\u0105cego kwalifikacje, o kt\u00f3rych mowa:<\/p>\n\n\n\n<p>&#8211; w pkt 6 ppkt 1 za\u0142\u0105cznika do ustawy z dnia 17 sierpnia 2023 r. o niekt\u00f3rych zawodach medycznych, albo<\/p>\n\n\n\n<p>&#8211; w ppkt 2-5 za\u0142\u0105cznika do ustawy z dnia 17 sierpnia 2023 r. o niekt\u00f3rych zawodach medycznych, kt\u00f3ry uzupe\u0142ni\u0142 kwalifikacje w zakresie kwalifikacji med.14 \u015bwiadczenie us\u0142ug medyczno-piel\u0119gnacyjnych i opieku\u0144czych osobie chorej i niesamodzielnej\u201d w ramach kursu, o kt\u00f3rym mowa w art. 22 pkt 2 lub art. 100 tej ustawy.<\/p>\n\n\n\n<ol class=\"wp-block-list\">\n<li>Wykonywanie czynno\u015bci zawodowych, o kt\u00f3rych mowa w cz\u0119\u015bci A.<\/li>\n\n\n\n<li>Wykonywanie wybranych czynno\u015bci medycznych \u2013 w podmiotach leczniczych, w jednostkach organizacyjnych pomocy spo\u0142ecznej oraz w \u015brodowisku domowym.<\/li>\n<\/ol>\n\n\n\n<p>&#8211; 2.1. Rozpoznawanie problem\u00f3w medycznych w opiece nad osob\u0105 chor\u0105 i niesamodzieln\u0105.<\/p>\n\n\n\n<p>&#8211; 2.2. Wykonywanie p\u0142ukania jamy ustnej, gard\u0142a, oka i rany.<\/p>\n\n\n\n<p>&#8211; 2.3.&nbsp; Zmienianie opatrunku na ranie z zachowaniem zasad post\u0119powania higienicznego, aseptycznego i antyseptycznego.<\/p>\n\n\n\n<p>&#8211; 2.4. Wykonywanie od\u0142\u0105czenia wlewu kroplowego.<\/p>\n\n\n\n<p>&#8211; 2.5. Wykonywanie gimnastyki oddechowej.<\/p>\n\n\n\n<p>&#8211; 2.6. Wykonywanie nacierania, oklepywania, \u0107wicze\u0144 czynnych i biernych.<\/p>\n\n\n\n<p>&#8211; 2.7. Pomaganie osobie chorej i niesamodzielnej w korzystaniu z tlenu z koncentratora tlenu oraz w wykonywaniu inhalacji.<\/p>\n\n\n\n<p>&#8211; 2.8. Podawanie produkt\u00f3w leczniczych &nbsp;osobie chorej i niesamodzielnej na zlecenie lekarza lub piel\u0119gniarki.<\/p>\n\n\n\n<p>&#8211; 2.8.1. Podawanie lek\u00f3w przez uk\u0142ad pokarmowy (doustnie, podj\u0119zykowo, oko\u0142opoliczkowo, doodbytniczo) lub na sk\u00f3r\u0119.<\/p>\n\n\n\n<p>&#8211; 2.8.2. Podawanie lek\u00f3w przez uk\u0142ad oddechowy (nebulizatory, inhalatory ci\u015bnieniowe z dozownikiem pojedynczych dawek, z dozownikiem uruchamiaj\u0105cym wdech, inhalatory proszkowe).<\/p>\n\n\n\n<p>&#8211; 2.8.3. Podawanie lek\u00f3w podsk\u00f3rnie.<\/p>\n\n\n\n<p>&#8211; 2.8.4. Powiadamianie lekarza lub piel\u0119gniarki o wyst\u0105pieniu dzia\u0142a\u0144 niepo\u017c\u0105danych lek\u00f3w.<\/p>\n\n\n\n<p>&#8211; 2.9. Prowadzenie przy\u0142\u00f3\u017ckowej aktywizacji pacjent\u00f3w le\u017c\u0105cych.<\/p>\n\n\n\n<p>3. Pobieranie materia\u0142u biologicznego do bada\u0144 laboratoryjnych i mikrobiologicznych.<\/p>\n\n\n\n<p>&#8211; 3.1. Pobieranie krwi \u017cylnej i w\u0142o\u015bniczkowej do bada\u0144 laboratoryjnych.<\/p>\n\n\n\n<p>&#8211; 3.2. Pobieranie materia\u0142u z g\u00f3rnych dr\u00f3g oddechowych w celu wykonania bada\u0144 diagnostycznych.<\/p>\n\n\n\n<p>&#8211; 3.3. Pobieranie materia\u0142u do wykonania bada\u0144 mikrobiologicznych i mikologicznych z wy\u0142\u0105czeniem pobierania materia\u0142u z dr\u00f3g rodnych.<\/p>\n\n\n\n<p>4. Wykonywanie test\u00f3w diagnostycznych w miejscu opieki nad pacjentem.<\/p>\n\n\n\n<p>&#8211; 4.1. Wykonywanie test\u00f3w diagnostycznych dla oznaczania cia\u0142 ketonowych w moczu.<\/p>\n\n\n\n<p>&#8211; 4.2. Wykonywanie test\u00f3w diagnostycznych dla oznaczania glukozy we krwi w\u0142o\u015bniczkowej i w moczu oraz cholesterolu we krwi w\u0142o\u015bniczkowej.<\/p>\n\n\n\n<p>&#8211; 4.3. Wykonywanie innych ni\u017c okre\u015blone w pkt 4 ppkt 1 i 2 test\u00f3w paskowych.<\/p>\n\n\n\n<p>\u017ar\u00f3d\u0142o:  <a href=\"https:\/\/www.rynekzdrowia.pl\/Prawo\/Od-marca-2024-wazne-zmiany-dla-opiekunow-medycznych-MZ-pokazalo-nowe-obowiazki-i-liste-uprawnien,255651,2.html\" rel=\"nofollow\">https:\/\/www.rynekzdrowia.pl\/Prawo\/Od-marca-2024-wazne-zmiany-dla-opiekunow-medycznych-MZ-pokazalo-nowe-obowiazki-i-liste-uprawnien,255651,2.html<\/a><\/p>\n","protected":false},"excerpt":{"rendered":"<p>Zamiast opracowa\u0107 i wdro\u017cy\u0107 nowe uprawnienia i kompetencje Zaawansowanej Praktyki Piel\u0119gniarskiej rz\u0105d rozwi\u0105za\u0142 deficyt piel\u0119gniarek rozszerzaj\u0105c ich uprawnienia na opiekun\u00f3w. Ministerstwo Zdrowia przedstawi\u0142o nowy wykaz czynno\u015bci zawodowych opiekuna medycznego, wynikaj\u0105cy z przyj\u0119tej w ubieg\u0142ym roku ustawy o niekt\u00f3rych zawodach medycznych. Zmiany maj\u0105 zacz\u0105\u0107 obowi\u0105zywa\u0107 od 26 marca. Wykaz czynno\u015bci zawodowych opiekuna medycznego: Cz\u0119\u015b\u0107 A. Szczeg\u00f3\u0142owy [&hellip;]<\/p>\n","protected":false},"author":1,"featured_media":0,"parent":0,"menu_order":0,"comment_status":"closed","ping_status":"closed","template":"","meta":{"footnotes":""},"class_list":["post-529","page","type-page","status-publish","hentry"],"_links":{"self":[{"href":"http:\/\/oizpp.pl\/index.php?rest_route=\/wp\/v2\/pages\/529","targetHints":{"allow":["GET"]}}],"collection":[{"href":"http:\/\/oizpp.pl\/index.php?rest_route=\/wp\/v2\/pages"}],"about":[{"href":"http:\/\/oizpp.pl\/index.php?rest_route=\/wp\/v2\/types\/page"}],"author":[{"embeddable":true,"href":"http:\/\/oizpp.pl\/index.php?rest_route=\/wp\/v2\/users\/1"}],"replies":[{"embeddable":true,"href":"http:\/\/oizpp.pl\/index.php?rest_route=%2Fwp%2Fv2%2Fcomments&post=529"}],"version-history":[{"count":4,"href":"http:\/\/oizpp.pl\/index.php?rest_route=\/wp\/v2\/pages\/529\/revisions"}],"predecessor-version":[{"id":579,"href":"http:\/\/oizpp.pl\/index.php?rest_route=\/wp\/v2\/pages\/529\/revisions\/579"}],"wp:attachment":[{"href":"http:\/\/oizpp.pl\/index.php?rest_route=%2Fwp%2Fv2%2Fmedia&parent=529"}],"curies":[{"name":"wp","href":"https:\/\/api.w.org\/{rel}","templated":true}]}}