{"id":1815,"date":"2024-05-07T12:41:08","date_gmt":"2024-05-07T10:41:08","guid":{"rendered":"http:\/\/oizpp.pl\/?page_id=1815"},"modified":"2024-05-15T22:15:53","modified_gmt":"2024-05-15T20:15:53","slug":"uprawnienia","status":"publish","type":"page","link":"http:\/\/oizpp.pl\/?page_id=1815","title":{"rendered":"Uprawnienia"},"content":{"rendered":"\n<p class=\"has-text-align-center has-background\" style=\"background-color:#db7bd0\"><strong>OPIS DZIA\u0141A\u0143\/KAMIENIE MILOWE :<\/strong><\/p>\n\n\n\n<p class=\"has-text-align-left has-background\" style=\"background:linear-gradient(135deg,rgb(252,185,0) 0%,rgb(233,227,123) 51%,rgb(255,105,0) 100%)\">Wa\u017cno\u015b\u0107 <strong>zredefiniowania praktycznych i samodzielnych uprawnie\u0144 piel\u0119gniarki<\/strong> i po\u0142o\u017cnej <strong>wymaga natychmiastowych zmian<\/strong> <strong>prawnych<\/strong> z powodu uregulowania 15 zawod\u00f3w medycznych na zasadzie ustawy (Ustawa z dnia 17 sierpnia 2023 r. o niekt\u00f3rych zawodach medycznych (Dz. U. 2023 poz. 1972, dalej jako: ustawa), kt\u00f3ra wesz\u0142a w \u017cycia 26 marca 2024 roku. Dot\u0105d kszta\u0142towa\u0142 si\u0119 sztywny podzia\u0142 r\u00f3l i zada\u0144 kilku zawod\u00f3w medycznych: lekarz &#8211; leczy, a piel\u0119gniarka &#8211; piel\u0119gnuje. <strong>Dwukrotnie zwi\u0119kszenie liczby zawod\u00f3w medycznych sprawia, \u017ce kompetencje i uprawnienia lekarzy i kadry piel\u0119gniarskiej musz\u0105 ulec zmianie dla dobra pacjenta<\/strong>. <strong>Zasada partnerstwa i komplementarno\u015bci<\/strong> obu w\/w zawod\u00f3w medycznych jest <strong>kluczowa<\/strong>, aby <strong>jako\u015b\u0107 opieki medycznej nad pacjentem by\u0142a lepsza<\/strong> (Polska ma 2-krotnie ni\u017cszy wynik ni\u017c \u015brednia kraj\u00f3w OECD). Wg bada\u0144 przedstawionych na XVI Europejskim Kongresie Gospodarczym wynika, \u017ce 75% ankietowanych wyrazi\u0142o opini\u0119, \u017ce <strong>dost\u0119pno\u015b\u0107 do us\u0142ug<\/strong> medycznych jest <strong>najwa\u017cniejsza<\/strong> (zobacz: zak\u0142adka Aktualno\u015bci wpis nr 69). Dlatego kadra piel\u0119gniarska o najwy\u017cszych kwalifikacjach powinna zapewni\u0107 cytuj\u0119 za ustaw\u0105 &#8222;<strong>samodzielne udzielanie \u015bwiadcze\u0144 zapobiegawczych, diagnostycznych, leczniczych, rehabilitacyjnych oraz medycznych czynno\u015bci ratunkowych<\/strong>&#8222;, co oznacza, \u017ce <strong>po pierwsze piel\u0119gniarka samodzielnie udziela \u015bwiadcze\u0144<\/strong> <strong>medycznych <\/strong>oraz po drugie <strong>posiada uprawnienia w okre\u015blonym zakresie na r\u00f3wni z lekarzem<\/strong> bez specjalizacji.<\/p>\n\n\n\n<p class=\"has-text-align-center has-background\" style=\"background-color:#fc8df7\"><strong>Poni\u017cej prezentujemy prace robocze jakie zosta\u0142y wykonane przez OIZPP-projekt. <\/strong><\/p>\n\n\n\n<p class=\"has-background\" style=\"background:linear-gradient(135deg,rgb(255,245,203) 6%,rgb(182,227,212) 36%,rgb(51,167,181) 100%)\"><strong>Wa\u017cna jest r\u00f3wnie\u017c implementacja Zaawansowanej Praktyki Piel\u0119gniarskiej (ZPP) w realiach aktualnego systemu ochrony zdrowia. Celem wdro\u017cenia ZPP jest poprawa jako\u015bci opieki nad pacjentem. Ponadto przy zwi\u0119kszeniu uprawnie\u0144 Zaawansowanej Praktyki Piel\u0119gniarskiej system ochrony zdrowia b\u0119dzie m\u00f3g\u0142 zaproponowa\u0107 szybk\u0105, niedrog\u0105 i fachow\u0105 pomoc medyczn\u0105 spo\u0142ecze\u0144stwu<\/strong>, tak jak to dzia\u0142a w innych krajach. <\/p>\n\n\n\n<p class=\"has-background\" style=\"background:linear-gradient(135deg,rgb(193,227,247) 0%,rgb(155,81,224) 100%)\"><strong>OIZPP-projekt uczestniczy w dyskusjach z innymi organizacjami piel\u0119gniarskimi i sam przygotowuje zakres uprawnie\u0144 dla ZPP na podstawie dokumentu z Kancelarii Senatu pt. Mapa uprawnie\u0144 zawod\u00f3w medycznych<\/strong> (poni\u017cej)<strong>. <\/strong>Istotne jest <strong>nazewnictwo uprawnie\u0144, kt\u00f3re powinno by\u0107 zwi\u0119z\u0142e i zrozumia\u0142e dla innych zawod\u00f3w medycznych <\/strong>(tam\u017ce: od str. 57 &#8211; uprawnienia piel\u0119gniarek)<\/p>\n\n\n\n<p class=\"has-background\" style=\"background:linear-gradient(135deg,rgb(238,238,238) 0%,rgb(213,229,178) 41%,rgb(169,184,195) 100%)\">Rozpatruj\u0105c <strong>map\u0119 uprawnie\u0144 zawod\u00f3w medycznych z 2022<\/strong> r. przychylamy si\u0119 do <strong>rozszerzenia uprawnie\u0144 ZPP<\/strong>, kt\u00f3re powinny by\u0107 syntez\u0105 <strong>uprawnie\u0144 felczera, lekarza bez specjalizacji <\/strong>(od str.15)<strong> oraz ratownik\u00f3w medycznych <\/strong>(od str. 101)<strong> z uwzgl. dotychczasowych uprawnie\u0144 piel\u0119gniarki systemu <\/strong>(poni\u017cej)<strong>. Szczeg\u00f3\u0142owe opracowanie programu w ramach certyfikacji ZPP przy wsp\u00f3\u0142pracy z CMKP (kompatybilno\u015b\u0107 z programem dla lekarzy i ratownik\u00f3w med.) mo\u017cna ustali\u0107 w zespole roboczym z w\/w zawodami.<\/strong> Uzyskanie statusu ZPP pozycjonuje Zaawansowan\u0105 Praktyk\u0119 Piel\u0119gniarsk\u0105 w grupie siatki p\u0142ac razem z lekarzem bez specjalizacji ze wsp. p\u0142ac 2,0 (lekarz specjalista wsp. p\u0142ac 2,5). Niedorzeczne i kuriozum na skal\u0119 \u015bwiatow\u0105 jest to, by lekarz mia\u0142 wynagrodzenie ni\u017csze od piel\u0119gniarki. Kluczowa jest <strong>samodzielno\u015b\u0107 <\/strong>w wykonaniu okre\u015blonych czynno\u015bci w zakresie <strong>udzielania \u015bwiadcze\u0144 zapobiegawczych, diagnostycznych, leczniczych, rehabilitacyjnych oraz medycznych czynno\u015bci ratunkowych<\/strong> wg ustawy o zawodzie piel\u0119gniarki i po\u0142o\u017cnej. <strong>Umiej\u0119tno\u015b\u0107 wsp\u00f3\u0142pracy i wypracowanie partnerstwa i komplementarno\u015bci mi\u0119dzy zawodami medycznymi jest wa\u017cne<\/strong> z punktu widzenia <strong>dobra pacjenta oraz optymalnego wykorzystania zasob\u00f3w wykwalifikowanej kadry medycznej<\/strong> w publicznym systemie ochronie zdrowia.<\/p>\n\n\n\n<div data-wp-interactive=\"core\/file\" class=\"wp-block-file\"><object data-wp-bind--hidden=\"!state.hasPdfPreview\" hidden class=\"wp-block-file__embed\" data=\"http:\/\/oizpp.pl\/wp-content\/uploads\/2024\/05\/mapa_uprawnien_zawodow_medycznych_Senat.pdf\" type=\"application\/pdf\" style=\"width:100%;height:600px\" aria-label=\"Osadzone z mapa_uprawnien_zawodow_medycznych_Senat.\"><\/object><a id=\"wp-block-file--media-49487b07-571a-41fd-ba02-0078427e1697\" href=\"http:\/\/oizpp.pl\/wp-content\/uploads\/2024\/05\/mapa_uprawnien_zawodow_medycznych_Senat.pdf\">mapa_uprawnien_zawodow_medycznych_Senat<\/a><a href=\"http:\/\/oizpp.pl\/wp-content\/uploads\/2024\/05\/mapa_uprawnien_zawodow_medycznych_Senat.pdf\" class=\"wp-block-file__button wp-element-button\" download aria-describedby=\"wp-block-file--media-49487b07-571a-41fd-ba02-0078427e1697\">Pobierz<\/a><\/div>\n\n\n\n<div data-wp-interactive=\"core\/file\" class=\"wp-block-file\"><object data-wp-bind--hidden=\"!state.hasPdfPreview\" hidden class=\"wp-block-file__embed\" data=\"http:\/\/oizpp.pl\/wp-content\/uploads\/2024\/05\/opis_piel_systemu.pdf\" type=\"application\/pdf\" style=\"width:100%;height:600px\" aria-label=\"Osadzone z opis_piel_systemu.\"><\/object><a id=\"wp-block-file--media-5bf824b9-210e-4515-8765-bd24ca43570e\" href=\"http:\/\/oizpp.pl\/wp-content\/uploads\/2024\/05\/opis_piel_systemu.pdf\">opis_piel_systemu<\/a><a href=\"http:\/\/oizpp.pl\/wp-content\/uploads\/2024\/05\/opis_piel_systemu.pdf\" class=\"wp-block-file__button wp-element-button\" download aria-describedby=\"wp-block-file--media-5bf824b9-210e-4515-8765-bd24ca43570e\">Pobierz<\/a><\/div>\n\n\n\n<p class=\"has-background\" style=\"background-color:#00eeff\"><strong>OIZPP-projekt od 14.03 do 21.03 2024 wystosowa\u0142a kilkana\u015bcie pism zaadresowanych do Dziekan\u00f3w, Kierownik\u00f3w Wydzia\u0142u Piel\u0119gniarstwa oraz Student\u00f3w Piel\u0119gniarstwa wielu uczelni w Polsce z pro\u015bb\u0105 o dyskusj\u0119 i przygotowanie 50 uprawnie\u0144 jakie powinna posiada\u0107 Zaawansowana Praktyka Piel\u0119gniarska (ZPP) na r\u00f3wni z lekarzem.<\/strong> Czas oddania prac do ko\u0144ca czerwca.<\/p>\n\n\n\n<div data-wp-interactive=\"core\/file\" class=\"wp-block-file\"><object data-wp-bind--hidden=\"!state.hasPdfPreview\" hidden class=\"wp-block-file__embed\" data=\"http:\/\/oizpp.pl\/wp-content\/uploads\/2024\/03\/uczelnie_wszystkie_OIZPP_2024-2.pdf\" type=\"application\/pdf\" style=\"width:100%;height:600px\" aria-label=\"Osadzone z uczelnie_wszystkie_OIZPP_2024-2.\"><\/object><a id=\"wp-block-file--media-7f948d30-0328-4c5e-8918-bca0d6af2fba\" href=\"http:\/\/oizpp.pl\/wp-content\/uploads\/2024\/03\/uczelnie_wszystkie_OIZPP_2024-2.pdf\">uczelnie_wszystkie_OIZPP_2024-2<\/a><a href=\"http:\/\/oizpp.pl\/wp-content\/uploads\/2024\/03\/uczelnie_wszystkie_OIZPP_2024-2.pdf\" class=\"wp-block-file__button wp-element-button\" download aria-describedby=\"wp-block-file--media-7f948d30-0328-4c5e-8918-bca0d6af2fba\">Pobierz<\/a><\/div>\n\n\n\n<p class=\"has-background\" style=\"background:linear-gradient(135deg,rgb(252,185,0) 0%,rgb(178,238,166) 51%,rgb(255,105,0) 100%)\">W zwi\u0105zku z krytycznymi opiniami samych dydaktyk\u00f3w piel\u0119gniarstwa ws. uzyskiwanych specjalizacji, certyfikacj\u0105 ZPP powinna zaj\u0105\u0107 si\u0119 odr\u0119bna jednostka organizacyjna w porozumieniu z CMKP i OIZPP. <strong>Osadzenie ZPP w publicznych podmiotach leczniczych jest niezb\u0119dne<\/strong>. Rola specjalistek piel\u0119gniarstwa w polityce p\u0142acowej publicznych szpitali jest zwi\u0105zana <strong>z wi\u0119kszymi kosztami,<\/strong> chocia\u017c ich zakres obowi\u0105zk\u00f3w w por\u00f3wnaniu do piel\u0119gniarki bez specjalizacji nie ma dla szpitala wi\u0119kszego znaczenia. <strong>Dlatego nale\u017cy po\u0142o\u017cy\u0107 nacisk, \u017ceby ZPP sta\u0142a si\u0119 alternatyw\u0105 dla dro\u017cszej us\u0142ugi lekarza przy podstawowych czynno\u015bciach takich jak:<\/strong> wykonanie badania fizykalnego, skierowanie i wykonanie pe\u0142nego pakietu bada\u0144 biochemicznych, wypisanie recept oraz zwolnienia L4 na 7\/14 dni, skierowanie do lekarza specjalisty. <strong>Zatorowo\u015b\u0107 i niewydolno\u015b\u0107 <\/strong>ochrony zdrowia<strong> wynika z tego, \u017ce uprawnienia zapobiegawcze, diagnostyczne, lecznicze s\u0105 wy\u0142\u0105cznie przyporz\u0105dkowane do zawodu lekarza.<\/strong> Nie wszyscy w pierwszym kontakcie z publiczn\u0105 opiek\u0105 medyczn\u0105 wymagaj\u0105 interwencji specjalisty. Zgodnie z przeprowadzonymi badaniami na potrzeby XVI Europejskiego Kongresu Gospodarczego (szczeg\u00f3\u0142owy opis &#8211; <strong><a href=\"http:\/\/oizpp.pl\/?page_id=208\" rel=\"nofollow\">zak\u0142adka Aktualno\u015bci &#8211; wpis nr 69<\/a><\/strong>) jest du\u017ce zapotrzebowanie (ok. 75% respondent\u00f3w) na <strong>szybki dost\u0119p do fachowej kadry medycznej.<\/strong> Ten czynnik determinuje rezygnacj\u0119 z us\u0142ug medycznych w publicznej ochronie zdrowia na rzecz prywatnej. Zaledwie 15% respondent\u00f3w decyduj\u0105c si\u0119 na prywatn\u0105 opiek\u0119 medyczn\u0105 oczekuje wy\u017cszej jako\u015bci opieki, co oznacza, \u017ce <strong>nie jako\u015b\u0107, ale szybka dost\u0119pno\u015b\u0107 <\/strong>jest najwa\u017cniejszym <strong>determinantem zadowolenia z opieki medycznej<\/strong>. Dla <strong>skutecznego leczenia pacjent\u00f3w<\/strong> oraz <strong>optymalizacji koszt\u00f3w<\/strong> i zasob\u00f3w kadry medycznej w ramach publicznego systemu ochrony zdrowia lekarz powinien w mo\u017cliwie kr\u00f3tkim czasie naby\u0107 uprawnienia specjalisty, co niestety nie przek\u0142ada si\u0119 w praktyce &#8211; <strong><a href=\"https:\/\/www.rp.pl\/sluzba-zdrowia\/art9442951-coraz-wiecej-lekarzy-rezygnuje-ze-specjalizacji\" rel=\"nofollow\">wi\u0119cej<\/a><\/strong>. <strong>Piel\u0119gniarki nie odci\u0105\u017c\u0105 lekarzy od biurokracji. Cz\u0119\u015bciowe przej\u0119cie ich zada\u0144 przez rozszerzenie uprawnie\u0144 ZPP<\/strong> s\u0142u\u017cy\u0107 b\u0119dzie dla <strong>dobra i zadowolenia pacjenta<\/strong> z jako\u015bci \u015bwiadczonych us\u0142ug medycznych. <strong>ZPP jako koordynatorzy opieki medycznej<\/strong> <strong>maj\u0105 sta\u0142y kontakt z pacjentem<\/strong> \u2013 komunikacja i asystowanie pacjentowi na ka\u017cdym etapie procesu leczenia podniesie jako\u015b\u0107 opieki. <strong>Zaawansowana Praktyka Piel\u0119gniarska (ZPP) wp\u0142ynie na popraw\u0119 zadowolenia pacjent\u00f3w.<\/strong> Polski pacjent zas\u0142uguje na <strong>najwy\u017csz\u0105 jako\u015b\u0107<\/strong> <strong>opieki<\/strong> w publicznej ochronie zdrowia.<\/p>\n\n\n\n<p class=\"has-background\" style=\"background-color:#d7b1b1\"><strong>Dzi\u0119kuj\u0119 w imieniu OIZPP-projekt za  zaproszenie i mo\u017cliwo\u015b\u0107 uczestnictwa online w 2-godzinnym spotkaniu roboczym dnia 6 maja 2024 r. Polskiego Towarzystwa Piel\u0119gniarskiego ws. przygotowania listy uprawnie\u0144 APN<\/strong> (Zaawansowanej Praktyki Piel\u0119gniarskiej) <strong>dla POZ i opieki paliatywnej. <\/strong><strong>Aktualnie czekamy na opini\u0119 Prezesa Polskiego Towarzystwa Piel\u0119gniarskiego dr Gra\u017cyny W\u00f3jcik ws. wypracowania wsp\u00f3\u0142pracy w 5-ciu obszarach wg poni\u017cszego pisma<\/strong>: <\/p>\n\n\n\n<div data-wp-interactive=\"core\/file\" class=\"wp-block-file\"><object data-wp-bind--hidden=\"!state.hasPdfPreview\" hidden class=\"wp-block-file__embed\" data=\"http:\/\/oizpp.pl\/wp-content\/uploads\/2024\/04\/podziekowanie_PTP_04_2024.pdf\" type=\"application\/pdf\" style=\"width:100%;height:600px\" aria-label=\"Osadzone z podziekowanie_PTP_04_2024.\"><\/object><a id=\"wp-block-file--media-312e92ba-519c-44bb-a06a-317f771141b9\" href=\"http:\/\/oizpp.pl\/wp-content\/uploads\/2024\/04\/podziekowanie_PTP_04_2024.pdf\">podziekowanie_PTP_04_2024<\/a><a href=\"http:\/\/oizpp.pl\/wp-content\/uploads\/2024\/04\/podziekowanie_PTP_04_2024.pdf\" class=\"wp-block-file__button wp-element-button\" download aria-describedby=\"wp-block-file--media-312e92ba-519c-44bb-a06a-317f771141b9\">Pobierz<\/a><\/div>\n","protected":false},"excerpt":{"rendered":"<p>OPIS DZIA\u0141A\u0143\/KAMIENIE MILOWE : Wa\u017cno\u015b\u0107 zredefiniowania praktycznych i samodzielnych uprawnie\u0144 piel\u0119gniarki i po\u0142o\u017cnej wymaga natychmiastowych zmian prawnych z powodu uregulowania 15 zawod\u00f3w medycznych na zasadzie ustawy (Ustawa z dnia 17 sierpnia 2023 r. o niekt\u00f3rych zawodach medycznych (Dz. U. 2023 poz. 1972, dalej jako: ustawa), kt\u00f3ra wesz\u0142a w \u017cycia 26 marca 2024 roku. Dot\u0105d kszta\u0142towa\u0142 [&hellip;]<\/p>\n","protected":false},"author":1,"featured_media":0,"parent":0,"menu_order":0,"comment_status":"closed","ping_status":"closed","template":"","meta":{"footnotes":""},"class_list":["post-1815","page","type-page","status-publish","hentry"],"_links":{"self":[{"href":"http:\/\/oizpp.pl\/index.php?rest_route=\/wp\/v2\/pages\/1815","targetHints":{"allow":["GET"]}}],"collection":[{"href":"http:\/\/oizpp.pl\/index.php?rest_route=\/wp\/v2\/pages"}],"about":[{"href":"http:\/\/oizpp.pl\/index.php?rest_route=\/wp\/v2\/types\/page"}],"author":[{"embeddable":true,"href":"http:\/\/oizpp.pl\/index.php?rest_route=\/wp\/v2\/users\/1"}],"replies":[{"embeddable":true,"href":"http:\/\/oizpp.pl\/index.php?rest_route=%2Fwp%2Fv2%2Fcomments&post=1815"}],"version-history":[{"count":51,"href":"http:\/\/oizpp.pl\/index.php?rest_route=\/wp\/v2\/pages\/1815\/revisions"}],"predecessor-version":[{"id":1971,"href":"http:\/\/oizpp.pl\/index.php?rest_route=\/wp\/v2\/pages\/1815\/revisions\/1971"}],"wp:attachment":[{"href":"http:\/\/oizpp.pl\/index.php?rest_route=%2Fwp%2Fv2%2Fmedia&parent=1815"}],"curies":[{"name":"wp","href":"https:\/\/api.w.org\/{rel}","templated":true}]}}